{"id":656,"date":"2021-11-20T16:15:16","date_gmt":"2021-11-20T15:15:16","guid":{"rendered":"https:\/\/shop.yours.ninja\/?post_type=product&#038;p=656"},"modified":"2024-09-03T15:29:40","modified_gmt":"2024-09-03T13:29:40","slug":"thealicewonders","status":"publish","type":"product","link":"https:\/\/shop.yours.ninja\/de\/produkt\/thealicewonders\/","title":{"rendered":"Die Alice Wunder"},"content":{"rendered":"<div data-elementor-type=\"wp-post\" data-elementor-id=\"656\" class=\"elementor elementor-656\">\n\t\t\t\t\t\t<section class=\"elementor-section elementor-top-section elementor-element elementor-element-560a2092 elementor-section-full_width elementor-section-stretched elementor-section-height-default elementor-section-height-default\" data-id=\"560a2092\" data-element_type=\"section\" data-settings=\"{&quot;background_background&quot;:&quot;classic&quot;,&quot;stretch_section&quot;:&quot;section-stretched&quot;}\">\n\t\t\t\t\t\t<div class=\"elementor-container elementor-column-gap-default\">\n\t\t\t\t\t<div class=\"elementor-column elementor-col-100 elementor-top-column elementor-element elementor-element-7d3a58b8\" data-id=\"7d3a58b8\" data-element_type=\"column\">\n\t\t\t<div class=\"elementor-widget-wrap elementor-element-populated\">\n\t\t\t\t\t\t<section class=\"elementor-section elementor-inner-section elementor-element elementor-element-3a13bc5 elementor-section-boxed elementor-section-height-default elementor-section-height-default\" data-id=\"3a13bc5\" data-element_type=\"section\">\n\t\t\t\t\t\t<div class=\"elementor-container elementor-column-gap-default\">\n\t\t\t\t\t<div class=\"elementor-column elementor-col-66 elementor-inner-column elementor-element elementor-element-7610b23\" data-id=\"7610b23\" data-element_type=\"column\">\n\t\t\t<div class=\"elementor-widget-wrap elementor-element-populated\">\n\t\t\t\t\t\t<div class=\"elementor-element elementor-element-218ae3b1 elementor-widget elementor-widget-text-editor\" data-id=\"218ae3b1\" data-element_type=\"widget\" data-widget_type=\"text-editor.default\">\n\t\t\t\t<div class=\"elementor-widget-container\">\n\t\t\t\t\t\t\t\t\t<p data-key=\"233\"><span data-key=\"234\"><span spellcheck=\"true\" data-slate-content=\"true\">7 Kapitel, die unsinnige Situationen aus 'Alice im Wunderland' erkl\u00e4ren, Schl\u00fcsselbegriffe, Erkl\u00e4rungen, Helden, Experimente.<\/span><\/span><\/p><ul class=\"unordered-list\" data-key=\"235\"><li class=\"list-item\" data-key=\"236\"><span class=\"list-item-child\" data-key=\"237\"><span data-key=\"238\"><span spellcheck=\"true\" data-slate-content=\"true\">Gebundenes Buch (Hardcover)<\/span><\/span><\/span><\/li><li class=\"list-item\" data-key=\"239\"><span class=\"list-item-child\" data-key=\"240\"><span data-key=\"241\"><span spellcheck=\"true\" data-slate-content=\"true\">A5, 14 x 21 cm<\/span><\/span><\/span><\/li><li class=\"list-item\" data-key=\"239\"><span class=\"list-item-child\" data-key=\"240\"><span data-key=\"241\"><span spellcheck=\"true\" data-slate-content=\"true\">95 Seiten<\/span><\/span><\/span><\/li><li class=\"list-item\" data-key=\"242\"><span class=\"list-item-child\" data-key=\"243\"><span data-key=\"244\"><span spellcheck=\"true\" data-slate-content=\"true\">Farbe: Voller Zuckerlfarben (Zuckerl = Bonbon auf \u00f6sterreichisch)<\/span><\/span><\/span><\/li><li class=\"list-item\" data-key=\"248\"><span class=\"list-item-child\" data-key=\"249\"><span data-key=\"250\"><span spellcheck=\"true\" data-slate-content=\"true\">Gedruckt + gebunden in \u00d6sterreich <\/span><\/span><\/span><\/li><\/ul>\t\t\t\t\t\t\t\t<\/div>\n\t\t\t\t<\/div>\n\t\t\t\t\t<\/div>\n\t\t<\/div>\n\t\t\t\t<div class=\"elementor-column elementor-col-33 elementor-inner-column elementor-element elementor-element-8466c11\" data-id=\"8466c11\" data-element_type=\"column\">\n\t\t\t<div class=\"elementor-widget-wrap\">\n\t\t\t\t\t\t\t<\/div>\n\t\t<\/div>\n\t\t\t\t\t<\/div>\n\t\t<\/section>\n\t\t\t\t\t<\/div>\n\t\t<\/div>\n\t\t\t\t\t<\/div>\n\t\t<\/section>\n\t\t\t\t<section class=\"elementor-section elementor-top-section elementor-element elementor-element-98fc0d1 elementor-section-height-min-height elementor-section-stretched elementor-section-boxed elementor-section-height-default elementor-section-items-middle\" data-id=\"98fc0d1\" data-element_type=\"section\" data-settings=\"{&quot;stretch_section&quot;:&quot;section-stretched&quot;,&quot;background_background&quot;:&quot;classic&quot;}\">\n\t\t\t\t\t\t<div class=\"elementor-container elementor-column-gap-default\">\n\t\t\t\t\t<div class=\"elementor-column elementor-col-100 elementor-top-column elementor-element elementor-element-19f6b3d\" data-id=\"19f6b3d\" data-element_type=\"column\">\n\t\t\t<div class=\"elementor-widget-wrap\">\n\t\t\t\t\t\t\t<\/div>\n\t\t<\/div>\n\t\t\t\t\t<\/div>\n\t\t<\/section>\n\t\t\t\t<\/div>","protected":false},"excerpt":{"rendered":"<p>7 chapters highlighting special nonsense situations quoted from &#8216;Alice&#8217;s Adventures in Wonderland,&#8217; key vocabulary, explanation, heroes, experiments. Hardcover book A5, 14 x 21 cm (5.5 x 8.3 in) 95 pages Full candy colors Printed + bound in Austria<\/p>","protected":false},"featured_media":97,"template":"elementor_theme","meta":[],"product_brand":[],"product_cat":[27],"product_tag":[29,30,16],"class_list":{"0":"post-656","1":"product","2":"type-product","3":"status-publish","4":"has-post-thumbnail","6":"product_cat-books","7":"product_tag-book","8":"product_tag-de","9":"product_tag-en","11":"first","12":"instock","13":"featured","14":"shipping-taxable","15":"purchasable","16":"product-type-variable"},"_links":{"self":[{"href":"https:\/\/shop.yours.ninja\/de\/wp-json\/wp\/v2\/product\/656","targetHints":{"allow":["GET"]}}],"collection":[{"href":"https:\/\/shop.yours.ninja\/de\/wp-json\/wp\/v2\/product"}],"about":[{"href":"https:\/\/shop.yours.ninja\/de\/wp-json\/wp\/v2\/types\/product"}],"version-history":[{"count":25,"href":"https:\/\/shop.yours.ninja\/de\/wp-json\/wp\/v2\/product\/656\/revisions"}],"predecessor-version":[{"id":2100,"href":"https:\/\/shop.yours.ninja\/de\/wp-json\/wp\/v2\/product\/656\/revisions\/2100"}],"wp:featuredmedia":[{"embeddable":true,"href":"https:\/\/shop.yours.ninja\/de\/wp-json\/wp\/v2\/media\/97"}],"wp:attachment":[{"href":"https:\/\/shop.yours.ninja\/de\/wp-json\/wp\/v2\/media?parent=656"}],"wp:term":[{"taxonomy":"product_brand","embeddable":true,"href":"https:\/\/shop.yours.ninja\/de\/wp-json\/wp\/v2\/product_brand?post=656"},{"taxonomy":"product_cat","embeddable":true,"href":"https:\/\/shop.yours.ninja\/de\/wp-json\/wp\/v2\/product_cat?post=656"},{"taxonomy":"product_tag","embeddable":true,"href":"https:\/\/shop.yours.ninja\/de\/wp-json\/wp\/v2\/product_tag?post=656"}],"curies":[{"name":"wp","href":"https:\/\/api.w.org\/{rel}","templated":true}]}}